{"id":114,"date":"2018-07-04T11:53:59","date_gmt":"2018-07-04T11:53:59","guid":{"rendered":"https:\/\/lesta.cloud\/?page_id=114"},"modified":"2026-04-17T11:59:41","modified_gmt":"2026-04-17T10:59:41","slug":"office","status":"publish","type":"page","link":"https:\/\/lesta.cloud\/?page_id=114","title":{"rendered":"Lesta Office"},"content":{"rendered":"<div class=\"wpb-content-wrapper\"><p>[vc_row full_width=&#8221;stretch_row&#8221; background_position=&#8221;center bottom&#8221; css=&#8221;.vc_custom_1775840519310{background-image: url(https:\/\/lesta.cloud\/wp-content\/uploads\/2026\/04\/slide3-1-scaled-1.png?id=1925) !important;background-position: center !important;background-repeat: no-repeat !important;background-size: cover !important;}&#8221;][vc_column custom_text_color=&#8221;#ffffff&#8221; css=&#8221;.vc_custom_1531986996546{margin-top: 70px !important;}&#8221;][vc_custom_heading text=&#8221;Soluzione ideale per Uffici ed Enti&#8221; font_container=&#8221;tag:h1|text_align:center|color:%23ffffff&#8221; use_theme_fonts=&#8221;yes&#8221; css=&#8221;&#8221; heading_weight=&#8221;400&#8243;][vc_custom_heading text=&#8221;Un sofisticato strumento di backoffice, semplice al tempo stesso, con il quale possono essere gestite tutte le funzionalit\u00e0 della App e l&#8217;interfacciamento con i sistemi elimina code e il sistema di Digital Survey di FilaVia.&#8221; font_container=&#8221;tag:h5|text_align:center|color:%23ffffff&#8221; use_theme_fonts=&#8221;yes&#8221; css=&#8221;&#8221; heading_weight=&#8221;400&#8243;][vc_single_image image=&#8221;1946&#8243; img_size=&#8221;full&#8221; alignment=&#8221;center&#8221; css=&#8221;.vc_custom_1775844035221{margin-top: 30px !important;margin-right: 20% !important;margin-left: 20% !important;}&#8221;][\/vc_column][\/vc_row][vc_row css=&#8221;.vc_custom_1531987460771{margin-top: -20px !important;}&#8221;][vc_column][vc_custom_heading text=&#8221;Come funziona&#8221; font_container=&#8221;tag:h2|text_align:center|color:%23000000&#8243; use_theme_fonts=&#8221;yes&#8221; css=&#8221;&#8221; heading_weight=&#8221;700&#8243;][vc_column_text css=&#8221;.vc_custom_1775841695065{padding-bottom: 30px !important;}&#8221; text_block_align=&#8221;middle&#8221; text_max_width=&#8221;550px&#8221;]<\/p>\n<p style=\"text-align: center; line-height: 30px;\">In modo analogo all&#8217;attuale backoffice di BookingApp, del quale \u00e8 il sostituto, la nuova interfaccia di Lesta dedicata all&#8217;ufficio, consente di configurare tutte le funzioni dell&#8217;app in un solo posto permettendo la gestione degli Operatori, Orari, Servizi, e Agende di lavoro.Ogni Agenda corrisponde ad un potenziale posto di lavoro che pu\u00f2 essere per\u00f2 condiviso da diversi operatori i quali possono operarvi secondo il proprio orario lavorativo contribuendo cos\u00ec a generare la disponibilit\u00e0 di appuntamenti.<\/p>\n<p>[\/vc_column_text][\/vc_column][\/vc_row][vc_row css=&#8221;.vc_custom_1533190633606{margin-top: 15px !important;}&#8221;][vc_column]<div class=\"button-block button-69e4e5cd5ef52  vc_custom_1776085896789 \"><a href=\"https:\/\/lesta.cloud\/contact-us\/\" data-type=\"button\" \r\n                        class=\"button-style2\">Pi\u00f9 informazioni<\/a><\/div>[\/vc_column][\/vc_row][vc_row full_width=&#8221;stretch_row_content_no_spaces&#8221; equal_height=&#8221;yes&#8221; content_placement=&#8221;middle&#8221; css=&#8221;.vc_custom_1533541907297{margin-top: 30px !important;border-top-width: 1px !important;border-bottom-width: 1px !important;border-top-color: #e3e3e3 !important;border-top-style: solid !important;border-bottom-color: #e3e3e3 !important;border-bottom-style: solid !important;}&#8221;][vc_column css=&#8221;.vc_custom_1533541989549{padding-top: 0px !important;}&#8221;]<div class=\"icon-box-items row style1 \"><div class=\"icon-box-item icon-box-69e4e5cd5f03c col-xs-12 col-sm-6 col-md-3 \"><div class=\"top\"><div class=\"icon fa fa-solid fa-file-circle-check\" style=\"color: #5CB8B2\"><\/div><h5 class=\"h\"><span class=\"cell\">Inclusioni Orarie<\/span><\/h5><\/div><div class=\"text\">Ogni orario di lavoro pu\u00f2 essere definito secondo criteri di inclusione che permettono di definire la validit\u00e0 dall'ora all'ora per specifici giorni della settimana e specifiche giornate del mese e dell'anno permettendo anche ripetizioni settimanali, mensili, annuali<\/div><\/div><div class=\"icon-box-item icon-box-69e4e5cd5f085 col-xs-12 col-sm-6 col-md-3 \"><div class=\"top\"><div class=\"icon fa fa-solid fa-file-circle-minus\" style=\"color: #5CB8B2\"><\/div><h5 class=\"h\"><span class=\"cell\">Esclusioni<\/span><\/h5><\/div><div class=\"text\">Analogamente a quanto descritto per le inclusioni orarie \u00e8 possibile gestire anche esclusioni programmate con cadenza settimanale, mensile, annuale che andranno a sovrapporsi creando degli spazi di esclusione negli orari.<\/div><\/div><div class=\"icon-box-item icon-box-69e4e5cd5f0b8 col-xs-12 col-sm-6 col-md-3 \"><div class=\"top\"><div class=\"icon fa fa-solid fa-file-pen\" style=\"color: #5CB8B2\"><\/div><h5 class=\"h\"><span class=\"cell\">Eccezioni<\/span><\/h5><\/div><div class=\"text\">Con lo stesso metodo di definizione delle inclusioni ed esclusioni previsto per gli orari \u00e8 possibile applicare delle eccezioni particolareggiate sia all'interno della definizione dei servizi che delle disponibilit\u00e0 delle agende ed anche nell'orario lavorativo degli operatori realizzando cos\u00ec un sistema articolato e flessibile di differenziazione degli orari.<\/div><\/div><div class=\"icon-box-item icon-box-69e4e5cd5f0e7 col-xs-12 col-sm-6 col-md-3 \"><div class=\"top\"><div class=\"icon fa fa-solid fa-address-book\" style=\"color: #5CB8B2\"><\/div><h5 class=\"h\"><span class=\"cell\">Agende personali<\/span><\/h5><\/div><div class=\"text\">Oltre alla gestione condivisa di agende di lavoro, \u00e8 possibile riservare delle agende personali nelle quali si ha la prevalenza dell'orario lavorativo dell'operatore in modo tale da poter organizzare appuntamenti correttamente inseriti in base alla disponibilit\u00e0 personale e agli impegni<\/div><\/div><div class=\"icon-box-item icon-box-69e4e5cd5f114 col-xs-12 col-sm-6 col-md-3 \"><div class=\"top\"><div class=\"icon fa fa-solid fa-arrow-right-from-bracket\" style=\"color: #5CB8B2\"><\/div><h5 class=\"h\"><span class=\"cell\">Generazione disponibilit\u00e0<\/span><\/h5><\/div><div class=\"text\">Ogni agenda di lavoro pu\u00f2 contenere differenti servizi i quali condividono il tempo a disposizione in modo tale da non sovrapporre appuntamenti gli uni agli altri. Ogni servizio dispone di una propriet\u00e0 di ``profondit\u00e0`` di prenotazione nel tempo in modo tale da generare un calendario di disponibilit\u00e0 nel tempo per l'effettiva profondit\u00e0 di ogni servizio.<\/div><\/div><div class=\"icon-box-item icon-box-69e4e5cd5f142 col-xs-12 col-sm-6 col-md-3 \"><div class=\"top\"><div class=\"icon fa fa-solid fa-desktop\" style=\"color: #5CB8B2\"><\/div><h5 class=\"h\"><span class=\"cell\">Propriet\u00e0 dei servizi<\/span><\/h5><\/div><div class=\"text\">Ogni servizio dispone di propriet\u00e0 specifiche per cui \u00e8 possibile definire la modalit\u00e0 operativa, in presenza, da remoto, con accettazione, con invito dell'utente. Per i servizi definiti come operati da remoto \u00e8 disponibile una ``stanza`` virtuale nella quale Operatore e Utente possono incontrarsi alla data ed ora stabiliti per una video conversazione.<\/div><\/div><div class=\"icon-box-item icon-box-69e4e5cd5f16f col-xs-12 col-sm-6 col-md-3 \"><div class=\"top\"><div class=\"icon fa fa-brands fa-rocketchat\" style=\"color: #5CB8B2\"><\/div><h5 class=\"h\"><span class=\"cell\">Conversazione<\/span><\/h5><\/div><div class=\"text\">Il sistema offre uno strumento di messaggistica tra Operatore ed Utente prenotato che da la facolt\u00e0 all'Operatore di iniziare una conversazione e all'Utente la possibilit\u00e0 di rispondere. La conversazione pu\u00f2 essere gestita anche da operatori diversi che condividono la gestione dell'appuntamento, magari gestendo le risposte in un turno di lavoro diverso da chi ha fatto la domanda.<\/div><\/div><div class=\"icon-box-item icon-box-69e4e5cd5f19b col-xs-12 col-sm-6 col-md-3 \"><div class=\"top\"><div class=\"icon fa fa-solid fa-notes-medical\" style=\"color: #5CB8B2\"><\/div><h5 class=\"h\"><span class=\"cell\">Notifiche<\/span><\/h5><\/div><div class=\"text\">Le notifiche sono gestite mediante i canali principali ovvero l'email, le notifiche in App e gli Sms. All'interno dell'app \u00e8 presente un centro messaggi dove l'utente pu\u00f2 verificare ogni novit\u00e0 di suo interesse ed inoltre esiste la possibilit\u00e0 di consultare uno storico delle conversazioni precedenti.<\/div><\/div><\/div>[\/vc_column][\/vc_row][vc_row css=&#8221;.vc_custom_1533548294956{padding-bottom: 20px !important;}&#8221;][vc_column max_width_inner_container=&#8221;920px&#8221;][vc_custom_heading text=&#8221;Domande frequenti&#8221; font_container=&#8221;tag:h1|text_align:center|color:%23000000&#8243; use_theme_fonts=&#8221;yes&#8221; css=&#8221;.vc_custom_1775843772728{margin-top: 30px !important;margin-bottom: 45px !important;}&#8221; uppercase=&#8221;&#8221; heading_weight=&#8221;700&#8243; weigh_normal=&#8221;on&#8221; font_weight=&#8221;&#8221; decor_text_switch=&#8221;&#8221; decor_line=&#8221;&#8221; decor_text=&#8221;&#8221; decor_font_size_text=&#8221;&#8221; decor_text_color=&#8221;&#8221;]<div class=\"accordion-items accordion-items-69e4e5cd5f1d2\"><div class=\"item \"><div class=\"top\"><div class=\"t\"><\/div><div class=\"cell\">Lesta \u00e8 un sistema autonomo o funziona solo con un impianto elimina code?<\/div><\/div><div class=\"wrap\">Abbiamo previsto la possibilit\u00e0 che un cliente che utilizzi Lesta possa dotare uno o pi\u00f9 dei propri uffici di un sistema Q.Giant di FilaVia e che quindi le due soluzioni si integrino, ma il prodotto pu\u00f2 essere tranquillamente usato anche da solo per la gestione di una o pi\u00f9 sedi organizzate in gruppo e per la gestione di uno o pi\u00f9 reparti ovvero differenti aree di attivit\u00e0 dell'azienda.<\/div><\/div><div class=\"item \"><div class=\"top\"><div class=\"t\"><\/div><div class=\"cell\">Posso utilizzare altri strumenti oltre alla App per prenotarmi?<\/div><\/div><div class=\"wrap\">Tradizionalmente, Lesta \u00e8 fornita oltre che come App disponibile negli Store, anche come WebApp e si presenta esattamente con la stessa grafica e funzionalit\u00e0 della App installata anche se viene in realt\u00e0 eseguita nel browser che pu\u00f2 essere quello di un dispositivo mobile o di un pc desktop; la grafica si adegua in modo responsive allo schermo del dispositivo.<br \/>\nSono inoltre disponibili anche un frame web inseribile nel sito istituzionale ed una applicazione basata su AI per la gestione con interfaccia telefonica in linguaggio naturale.<\/div><\/div><div class=\"item \"><div class=\"top\"><div class=\"t\"><\/div><div class=\"cell\">Che tipo di servizi posso configurare?<\/div><\/div><div class=\"wrap\">Con Lesta si possono configurare servizi con durata di esecuzione diversa e con diversi parametri operativi. Tra questi possiamo citare oltre al normale appuntamento, quello con accettazione da parte dell'operatore, l'invito con accettazione verso un utente, l'appuntamento svolto in video chiamata.<\/div><\/div><div class=\"item \"><div class=\"top\"><div class=\"t\"><\/div><div class=\"cell\">Come funziona nel caso di pi\u00f9 sedi disposte nel territorio?<\/div><\/div><div class=\"wrap\">L'applicazione \u00e8 strutturata in modo tale da rappresentare le sedi in ordine di distanza dalla posizione in cui ci si trova; quando vicino all'utente sia presente una sede di una azienda con pi\u00f9 sedi nel territorio essa viene rappresentata come ``gruppo`` di sedi e quindi selezionandolo posso scoprire tutte le sedi esistenti e visualizzarla anche sulla mappa. La selezione della sede su cui prenotarsi pu\u00f2 essere effettuata dall'elenco o dalla mappa stessa.<\/div><\/div><div class=\"item \"><div class=\"top\"><div class=\"t\"><\/div><div class=\"cell\">Come faccio a trovare un servizio fornito da un ufficio?<\/div><\/div><div class=\"wrap\">In Lesta esistono diverse modalit\u00e0 di ricerca, per citt\u00e0 provincia regione oppure per nome della sede.<br \/>\nOltre al nome sono previsti degli Alias che l'ufficio pu\u00f2 inserire per farsi meglio riconoscere (ad esempio sigle o abbreviazioni). La stessa modalit\u00e0 \u00e8 prevista anche per i servizi erogati che possono essere ricercati visualizzandoli in ordine di distanza dalla sede che li gestisce. Oppure ancora ricercando il nome di una persona, ad esempio uno specialista medico.<\/div><\/div><\/div>[\/vc_column][\/vc_row]<\/p>\n<\/div>","protected":false},"excerpt":{"rendered":"<p>[vc_row full_width=&#8221;stretch_row&#8221; background_position=&#8221;center bottom&#8221; css=&#8221;.vc_custom_1775840519310{background-image: url(https:\/\/lesta.cloud\/wp-content\/uploads\/2026\/04\/slide3-1-scaled-1.png?id=1925) !important;background-position: center !important;background-repeat: no-repeat !important;background-size: cover !important;}&#8221;][vc_column custom_text_color=&#8221;#ffffff&#8221; css=&#8221;.vc_custom_1531986996546{margin-top: 70px !important;}&#8221;][vc_custom_heading text=&#8221;Soluzione ideale per Uffici ed Enti&#8221; font_container=&#8221;tag:h1|text_align:center|color:%23ffffff&#8221; use_theme_fonts=&#8221;yes&#8221; css=&#8221;&#8221; heading_weight=&#8221;400&#8243;][vc_custom_heading text=&#8221;Un sofisticato strumento di backoffice, semplice al tempo stesso, con il quale possono essere gestite tutte le funzionalit\u00e0 della App e l&#8217;interfacciamento con i sistemi elimina code e [&hellip;]<\/p>\n","protected":false},"author":1,"featured_media":0,"parent":0,"menu_order":0,"comment_status":"closed","ping_status":"closed","template":"template-landing.php","meta":{"_acf_changed":false,"footnotes":""},"class_list":["post-114","page","type-page","status-publish","hentry"],"acf":[],"_links":{"self":[{"href":"https:\/\/lesta.cloud\/index.php?rest_route=\/wp\/v2\/pages\/114","targetHints":{"allow":["GET"]}}],"collection":[{"href":"https:\/\/lesta.cloud\/index.php?rest_route=\/wp\/v2\/pages"}],"about":[{"href":"https:\/\/lesta.cloud\/index.php?rest_route=\/wp\/v2\/types\/page"}],"author":[{"embeddable":true,"href":"https:\/\/lesta.cloud\/index.php?rest_route=\/wp\/v2\/users\/1"}],"replies":[{"embeddable":true,"href":"https:\/\/lesta.cloud\/index.php?rest_route=%2Fwp%2Fv2%2Fcomments&post=114"}],"version-history":[{"count":153,"href":"https:\/\/lesta.cloud\/index.php?rest_route=\/wp\/v2\/pages\/114\/revisions"}],"predecessor-version":[{"id":1990,"href":"https:\/\/lesta.cloud\/index.php?rest_route=\/wp\/v2\/pages\/114\/revisions\/1990"}],"wp:attachment":[{"href":"https:\/\/lesta.cloud\/index.php?rest_route=%2Fwp%2Fv2%2Fmedia&parent=114"}],"curies":[{"name":"wp","href":"https:\/\/api.w.org\/{rel}","templated":true}]}}