{"id":110,"date":"2018-07-04T11:53:27","date_gmt":"2018-07-04T11:53:27","guid":{"rendered":"https:\/\/lesta.cloud\/?page_id=110"},"modified":"2026-04-17T12:01:26","modified_gmt":"2026-04-17T11:01:26","slug":"home-7","status":"publish","type":"page","link":"https:\/\/lesta.cloud\/","title":{"rendered":"Lesta Home"},"content":{"rendered":"<div class=\"wpb-content-wrapper\"><p>[vc_row full_width=&#8221;stretch_row&#8221; equal_height=&#8221;yes&#8221; content_placement=&#8221;middle&#8221; background_position=&#8221;center bottom&#8221; css=&#8221;.vc_custom_1776419314718{background-image: url(https:\/\/lesta.cloud\/wp-content\/uploads\/2026\/04\/slide1-1-scaled.png?id=1982) !important;background-position: center !important;background-repeat: no-repeat !important;background-size: cover !important;}&#8221;][vc_column width=&#8221;1\/2&#8243; background_position=&#8221;center bottom&#8221; offset=&#8221;vc_hidden-xs&#8221; css=&#8221;.vc_custom_1775654246721{margin-top: 15% !important;}&#8221;][vc_single_image image=&#8221;1781&#8243; img_size=&#8221;full&#8221; css=&#8221;&#8221;][\/vc_column][vc_column width=&#8221;1\/2&#8243; custom_text_color=&#8221;#ffffff&#8221; css=&#8221;.vc_custom_1534511499238{padding-top: 60px !important;padding-bottom: 60px !important;}&#8221;][vc_custom_heading text=&#8221;Less time,<br \/>\nLesta!&#8221; font_container=&#8221;tag:h1|text_align:right|color:%23ffffff&#8221; use_theme_fonts=&#8221;yes&#8221; css=&#8221;&#8221; heading_weight=&#8221;400&#8243;][vc_custom_heading text=&#8221;&gt; Ottimizziamo l&#8217;afflusso di persone<br \/>\n&gt; minimizziamo i tempi di attesa<br \/>\n&gt; miglioriamo la qualit\u00e0 del servizio<br \/>\n&gt; rendiamo l&#8217;attesa una esperienza migliore&#8221; font_container=&#8221;tag:h5|text_align:right|color:%23ffffff&#8221; use_theme_fonts=&#8221;yes&#8221; css=&#8221;&#8221; heading_weight=&#8221;400&#8243;]<div class=\"button-block button-69e4cdea928b5  vc_custom_1776423053326 \"><a href=\"https:\/\/app.lesta.cloud\/\" data-type=\"button\" \r\n                        class=\"button-style1\">Prova<\/a><\/div>[\/vc_column][\/vc_row][vc_row][vc_column offset=&#8221;vc_hidden-lg vc_hidden-md vc_hidden-sm vc_col-xs-3\/5&#8243; css=&#8221;.vc_custom_1775652760831{margin-top: -180px !important;}&#8221;][vc_single_image image=&#8221;1796&#8243; img_size=&#8221;medium&#8221; alignment=&#8221;center&#8221; css=&#8221;&#8221;][\/vc_column][\/vc_row][vc_row][vc_column][vc_custom_heading text=&#8221;Come funziona&#8221; font_container=&#8221;tag:h2|text_align:center|color:%23000000&#8243; use_theme_fonts=&#8221;yes&#8221; css=&#8221;&#8221; heading_weight=&#8221;700&#8243;][vc_column_text css=&#8221;&#8221; text_block_align=&#8221;middle&#8221;]<\/p>\n<p style=\"text-align: center; line-height: 30px;\">Ogni struttura che utilizza i nostri servizi pu\u00f2 essere selezionata per conoscere i servizi forniti.<br \/>\nPuoi selezionare i servizi ed ottenere la prima disponibilit\u00e0 oppure puoi scegliere secondo la tua comodit\u00e0<br \/>\nRiceverai una notifica e una email di conferma e di promemoria, potrai indicare la tua presenza nella struttura per minimizzare ulteriormente l&#8217;attesa.[\/vc_column_text][\/vc_column][\/vc_row][vc_row content_placement=&#8221;middle&#8221;][vc_column]<div class=\"num-box-items row num-box-69e4cdea92930 style1 \"><div class=\"item col-xs-12 col-sm-6 col-md-4 \"><div class=\"num\">1300<\/div><div class=\"title\">Appuntamenti al giorno<\/div><\/div><div class=\"item col-xs-12 col-sm-6 col-md-4 \"><div class=\"num\">590<\/div><div class=\"title\">Migliaia di utenti registrati<\/div><\/div><div class=\"item col-xs-12 col-sm-6 col-md-4 \"><div class=\"num\">365<\/div><div class=\"title\">Migliaia di downloads<\/div><\/div><\/div>[\/vc_column][\/vc_row][vc_row full_width=&#8221;stretch_row_content_no_spaces&#8221; equal_height=&#8221;yes&#8221; content_placement=&#8221;middle&#8221; css=&#8221;.vc_custom_1533126180162{margin-top: 30px !important;border-top-width: 1px !important;border-bottom-width: 1px !important;border-top-color: #e3e3e3 !important;border-top-style: solid !important;border-bottom-color: #e3e3e3 !important;border-bottom-style: solid !important;}&#8221;][vc_column css=&#8221;.vc_custom_1775641648675{padding-top: 30px !important;padding-bottom: 30px !important;background-image: url(https:\/\/lesta.cloud\/wp-content\/uploads\/2026\/04\/person-using-lesta.png?id=1782) !important;background-position: center !important;background-repeat: no-repeat !important;background-size: cover !important;}&#8221; el_class=&#8221;max-width-70&#8243; offset=&#8221;vc_col-md-6&#8243;][vc_custom_heading text=&#8221;Lesta su ogni device,<br \/>\novunque.&#8221; font_container=&#8221;tag:h2|text_align:left|color:%23FFFFFF&#8221; use_theme_fonts=&#8221;yes&#8221; css=&#8221;.vc_custom_1775641902666{margin-top: 0px !important;margin-bottom: 35px !important;}&#8221; heading_weight=&#8221;700&#8243;][vc_column_text css=&#8221;&#8221; text_max_width=&#8221;50%&#8221;]<\/p>\n<p style=\"line-height: 30px;\"><span style=\"color: #ffffff;\"><strong>Come un trattore, la nostra App funziona con tutto, su iPhone, iPad, Android PC e Mac attraverso il web browser.<\/strong><\/span><\/p>\n<p>[\/vc_column_text]<div class=\"button-block button-69e4cdea929fd  vc_custom_1776423672478 \"><a href=\"https:\/\/lesta.cloud\/standart\/\" data-type=\"button\" \r\n                        class=\"button-style2\">Leggi<\/a><\/div>[\/vc_column][vc_column css=&#8221;.vc_custom_1534511168711{padding-top: 0px !important;}&#8221; offset=&#8221;vc_col-md-6&#8243;]<div class=\"icon-box-items row style1 \"><div class=\"icon-box-item icon-box-69e4cdea92a85 col-xs-12 col-sm-12 col-md-6 \"><div class=\"top\"><div class=\"icon fa fa-solid fa-square-envelope\" style=\"color: #5CB8B2\"><\/div><h5 class=\"h\"><span class=\"cell\">Registrati con la tua email<\/span><\/h5><\/div><div class=\"text\">Ci servir\u00e0 per notificarti ogni informazione riguardante i tuoi appuntamenti<\/div><\/div><div class=\"icon-box-item icon-box-69e4cdea92ac0 col-xs-12 col-sm-12 col-md-6 \"><div class=\"top\"><div class=\"icon fa fa-solid fa-map-location-dot\" style=\"color: #5CB8B2\"><\/div><h5 class=\"h\"><span class=\"cell\">Dove, Cosa e Chi<\/span><\/h5><\/div><div class=\"text\">Seleziona Dove vuoi recarti, cerca Cosa vuoi fare o Chi devi incontrare per ottenere tutte le informazioni che ti servono.<\/div><\/div><div class=\"icon-box-item icon-box-69e4cdea92af1 col-xs-12 col-sm-12 col-md-6 \"><div class=\"top\"><div class=\"icon fa fa-solid fa-calendar-check\" style=\"color: #5CB8B2\"><\/div><h5 class=\"h\"><span class=\"cell\">Seleziona quando<\/span><\/h5><\/div><div class=\"text\">Effettua la ricerca della disponibilit\u00e0 selezionando i giorni pi\u00f9 comodi per te e poi l'orario pi\u00f9 confacente.<\/div><\/div><div class=\"icon-box-item icon-box-69e4cdea92b1f col-xs-12 col-sm-12 col-md-6 \"><div class=\"top\"><div class=\"icon fa fa-regular fa-message\" style=\"color: #5CB8B2\"><\/div><h5 class=\"h\"><span class=\"cell\">Messaggia con l'operatore<\/span><\/h5><\/div><div class=\"text\">Rispondi alle richieste dell'operatore in merito alla documentazione necessaria per ottenere la prestazione.<\/div><\/div><div class=\"icon-box-item icon-box-69e4cdea92b4c col-xs-12 col-sm-12 col-md-6 \"><div class=\"top\"><div class=\"icon fa fa-regular fa-hand\" style=\"color: #5CB8B2\"><\/div><h5 class=\"h\"><span class=\"cell\">Dichiara la tua presenza<\/span><\/h5><\/div><div class=\"text\">Potresti in questo modo essere servito anche prima dell'orario pianificato<\/div><\/div><div class=\"icon-box-item icon-box-69e4cdea92b7a col-xs-12 col-sm-12 col-md-6 \"><div class=\"top\"><div class=\"icon fa fa-solid fa-masks-theater\" style=\"color: #5CB8B2\"><\/div><h5 class=\"h\"><span class=\"cell\">Lascia la tua opinione<\/span><\/h5><\/div><div class=\"text\">Potresti essere invitato a rispondere ad alcune domande circa la qualit\u00e0 del servizio ricevuto<\/div><\/div><\/div>[\/vc_column][\/vc_row][vc_row full_width=&#8221;stretch_row_content_no_spaces&#8221; css=&#8221;.vc_custom_1534403043169{padding-top: 20px !important;padding-bottom: 40px !important;}&#8221;][vc_column]<div class=\"screenshot-carousel screenshot-carousel-69e4cdea92ba8 \"><ul><li><div class=\"screen\" style=\"background-image: url(https:\/\/lesta.cloud\/wp-content\/uploads\/2026\/04\/app_workinghours.png)\"><\/div><\/li><li><div class=\"screen\" style=\"background-image: url(https:\/\/lesta.cloud\/wp-content\/uploads\/2026\/04\/app_agenda.png)\"><\/div><\/li><li><div class=\"screen\" style=\"background-image: url(https:\/\/lesta.cloud\/wp-content\/uploads\/2026\/04\/app_map_selection-1.png)\"><\/div><\/li><li><div class=\"screen\" style=\"background-image: url(https:\/\/lesta.cloud\/wp-content\/uploads\/2026\/04\/app_summary-1.png)\"><\/div><\/li><li><div class=\"screen\" style=\"background-image: url(https:\/\/lesta.cloud\/wp-content\/uploads\/2026\/04\/app_operators_list-1.png)\"><\/div><\/li><li><div class=\"screen\" style=\"background-image: url(https:\/\/lesta.cloud\/wp-content\/uploads\/2026\/04\/app_picker-1.png)\"><\/div><\/li><li><div class=\"screen\" style=\"background-image: url(https:\/\/lesta.cloud\/wp-content\/uploads\/2026\/04\/app_message_chat-1.png)\"><\/div><\/li><li><div class=\"screen\" style=\"background-image: url(https:\/\/lesta.cloud\/wp-content\/uploads\/2026\/04\/app_message_center-1.png)\"><\/div><\/li><li><div class=\"screen\" style=\"background-image: url(https:\/\/lesta.cloud\/wp-content\/uploads\/2026\/04\/app_profile-1.png)\"><\/div><\/li><\/ul><\/div>[\/vc_column][\/vc_row][vc_row css=&#8221;.vc_custom_1533190633606{margin-top: 15px !important;}&#8221;][vc_column][vc_custom_heading text=&#8221;Minimizza le attese&#8221; font_container=&#8221;tag:h3|text_align:center|color:%23000000&#8243; use_theme_fonts=&#8221;yes&#8221; css=&#8221;&#8221; heading_weight=&#8221;700&#8243;][vc_column_text css=&#8221;&#8221; text_block_align=&#8221;middle&#8221;]<\/p>\n<p style=\"text-align: center; line-height: 30px;\">Ottimizza la tua giornata pianificando l&#8217;accesso a servizi di ogni genere, dagli uffici comunali alla banca, l&#8217;ambulatorio o le cure ai tuoi piccoli animali.<\/p>\n<p>[\/vc_column_text]<div class=\"button-block button-69e4cdea93a2b  vc_custom_1776423090917 \"><a href=\"https:\/\/app.lesta.cloud\/\" data-type=\"button\" \r\n                        class=\"button-style2\">Provala<\/a><\/div>[\/vc_column][\/vc_row][vc_row full_width=&#8221;stretch_row_content_no_spaces&#8221; equal_height=&#8221;yes&#8221; content_placement=&#8221;middle&#8221; css=&#8221;.vc_custom_1533190893840{margin-top: 60px !important;border-top-width: 1px !important;border-bottom-width: 1px !important;background-color: #f9f9f9 !important;border-top-color: #e3e3e3 !important;border-top-style: solid !important;border-bottom-color: #e3e3e3 !important;border-bottom-style: solid !important;}&#8221;][vc_column css=&#8221;.vc_custom_1775655555471{padding-bottom: 100% !important;background-image: url(https:\/\/lesta.cloud\/wp-content\/uploads\/2026\/04\/girl-installing-lesta.png?id=1815) !important;background-position: center !important;background-repeat: no-repeat !important;background-size: cover !important;}&#8221; offset=&#8221;vc_col-md-6 vc_hidden-sm vc_hidden-xs&#8221;][\/vc_column][vc_column css=&#8221;.vc_custom_1534511109724{padding-top: 40px !important;padding-bottom: 40px !important;}&#8221; max_width_inner_container=&#8221;430px&#8221; offset=&#8221;vc_col-md-6&#8243;][vc_custom_heading text=&#8221;Ti \u00e8 piaciuta?<br \/>\nFai un passo deciso, scarica e installa&#8221; font_container=&#8221;tag:h2|text_align:left|color:%23000000&#8243; use_theme_fonts=&#8221;yes&#8221; css=&#8221;.vc_custom_1769166601213{margin-top: 0px !important;margin-bottom: 30px !important;}&#8221; heading_weight=&#8221;700&#8243;][vc_column_text css=&#8221;&#8221;]<\/p>\n<p style=\"line-height: 30px;\">Abbiamo realizzato per te una comoda interfaccia sempre a disposizione comodamente sul tuo cellulare. Entra nella nostra community!<br \/>\nLesta, less time approaching[\/vc_column_text]<div class=\"num-box-items row num-box-69e4cdea93a5b style2 \"><div class=\"item col-xs-12 col-sm-6 col-md-4 \"><div class=\"num\">01<\/div><div class=\"title\">Scarica e installa la App sul tuo smartphone<\/div><\/div><div class=\"item col-xs-12 col-sm-6 col-md-4 \"><div class=\"num\">02<\/div><div class=\"title\">Inizia subito a cercare servizi, uffici, persone<\/div><\/div><div class=\"item col-xs-12 col-sm-6 col-md-4 \"><div class=\"num\">03<\/div><div class=\"title\">Completa la registrazione solo quando prenoti davvero<\/div><\/div><\/div><a href=\"https:\/\/play.google.com\/store\/apps\" class=\"app-store-button google\" target=\"_blank\">Ottienila da <span>Google<\/span><\/a><a href=\"https:\/\/www.apple.com\/it\/app-store\/\" class=\"app-store-button apple\" target=\"_blank\">Disponibile su <span>Apple<\/span><\/a>[\/vc_column][\/vc_row][vc_row full_width=&#8221;stretch_row_content_no_spaces&#8221; css=&#8221;.vc_custom_1533214210305{padding-bottom: 85px !important;}&#8221;][vc_column][vc_custom_heading text=&#8221;Testimonials&#8221; font_container=&#8221;tag:h2|text_align:center|color:%23000000&#8243; use_theme_fonts=&#8221;yes&#8221; css=&#8221;.vc_custom_1533214116978{margin-top: 35px !important;margin-bottom: 45px !important;}&#8221;]<div class=\"testimonials-area area-testimonials-5b62de90d3c16\"><div class=\"testimonials testimonials-5b62de90d3c16 style1 \"><div class=\"testimonial-item\"><div class=\"avatar\" data-img=\"https:\/\/lesta.cloud\/wp-content\/uploads\/2026\/04\/gigi-smiling.jpeg\" style=\"background-image: url(https:\/\/lesta.cloud\/wp-content\/uploads\/2026\/04\/gigi-smiling.jpeg)\"><\/div><div class=\"quote\">Gi\u00e0 da oltre un decennio abbiamo inserito uno strumento di booking nel nostro prodotto Eliminacode FilaVia; oggi con FilaVia Lesta riteniamo di mettere a disposizione uno strumento veramente utile per tutti con il quale accedere ai servizi minimizzando i tempi di attesa.<br \/>\nLess time: Lesta!<\/div><div class=\"bottom\"><h5>Luigi Dusmet<\/h5><div class=\"post\">TESIA CEO FOUNDER<\/div><\/div><\/div><div class=\"testimonial-item\"><div class=\"avatar\" data-img=\"https:\/\/lesta.cloud\/wp-content\/uploads\/2026\/04\/amtge.webp\" style=\"background-image: url(https:\/\/lesta.cloud\/wp-content\/uploads\/2026\/04\/amtge.webp)\"><\/div><div class=\"quote\">Da anni la mobilit\u00e0 di Genova si affida a FilaVia per gli appuntamenti delle biglietterie, ora con la nuova App Lesta ancora pi\u00f9 funzionalit\u00e0 e una interfaccia gradevole per i nostri utenti anche direttamente dal sito web.<\/div><div class=\"bottom\"><h5>Luca Negrino<\/h5><div class=\"post\">AMT Genova<\/div><\/div><\/div><div class=\"testimonial-item\"><div class=\"avatar\" data-img=\"https:\/\/lesta.cloud\/wp-content\/uploads\/2026\/04\/sepi.png\" style=\"background-image: url(https:\/\/lesta.cloud\/wp-content\/uploads\/2026\/04\/sepi.png)\"><\/div><div class=\"quote\">Siamo clienti storici di FilaVia e utilizziamo da anni il sistema di appuntamenti ed ora con la nuova App FilaVia Lesta veramente tempi di attesa brevissimi e facilit\u00e0 di comunicazione.<\/div><div class=\"bottom\"><h5>Davide Giaconi<\/h5><div class=\"post\">Sepi CEO<\/div><\/div><\/div><div class=\"testimonial-item\"><div class=\"avatar\" data-img=\"https:\/\/lesta.cloud\/wp-content\/uploads\/2026\/04\/montichiari.jpg\" style=\"background-image: url(https:\/\/lesta.cloud\/wp-content\/uploads\/2026\/04\/montichiari.jpg)\"><\/div><div class=\"quote\">Ci serviamo dei servizi di FilaVia da molti anni sia per la gestione delle code che per gli appuntamenti. La nuova App FilaVia Lesta ha aggiunto nuove funzioni ed \u00e8 molto apprezzata dai cittadini.<\/div><div class=\"bottom\"><h5>Antonio Pirri<\/h5><div class=\"post\">It Comune di Montichiari<\/div><\/div><\/div><\/div><\/div>[\/vc_column][\/vc_row]<\/p>\n<\/div>","protected":false},"excerpt":{"rendered":"<p>[vc_row full_width=&#8221;stretch_row&#8221; equal_height=&#8221;yes&#8221; content_placement=&#8221;middle&#8221; background_position=&#8221;center bottom&#8221; css=&#8221;.vc_custom_1776419314718{background-image: url(https:\/\/lesta.cloud\/wp-content\/uploads\/2026\/04\/slide1-1-scaled.png?id=1982) !important;background-position: center !important;background-repeat: no-repeat !important;background-size: cover !important;}&#8221;][vc_column width=&#8221;1\/2&#8243; background_position=&#8221;center bottom&#8221; offset=&#8221;vc_hidden-xs&#8221; css=&#8221;.vc_custom_1775654246721{margin-top: 15% !important;}&#8221;][vc_single_image image=&#8221;1781&#8243; img_size=&#8221;full&#8221; css=&#8221;&#8221;][\/vc_column][vc_column width=&#8221;1\/2&#8243; custom_text_color=&#8221;#ffffff&#8221; css=&#8221;.vc_custom_1534511499238{padding-top: 60px !important;padding-bottom: 60px !important;}&#8221;][vc_custom_heading text=&#8221;Less time, Lesta!&#8221; font_container=&#8221;tag:h1|text_align:right|color:%23ffffff&#8221; use_theme_fonts=&#8221;yes&#8221; css=&#8221;&#8221; heading_weight=&#8221;400&#8243;][vc_custom_heading text=&#8221;&gt; Ottimizziamo l&#8217;afflusso di persone &gt; minimizziamo i tempi di attesa &gt; miglioriamo la qualit\u00e0 del [&hellip;]<\/p>\n","protected":false},"author":1,"featured_media":0,"parent":0,"menu_order":0,"comment_status":"closed","ping_status":"closed","template":"template-landing.php","meta":{"_acf_changed":false,"footnotes":""},"class_list":["post-110","page","type-page","status-publish","hentry"],"acf":[],"_links":{"self":[{"href":"https:\/\/lesta.cloud\/index.php?rest_route=\/wp\/v2\/pages\/110","targetHints":{"allow":["GET"]}}],"collection":[{"href":"https:\/\/lesta.cloud\/index.php?rest_route=\/wp\/v2\/pages"}],"about":[{"href":"https:\/\/lesta.cloud\/index.php?rest_route=\/wp\/v2\/types\/page"}],"author":[{"embeddable":true,"href":"https:\/\/lesta.cloud\/index.php?rest_route=\/wp\/v2\/users\/1"}],"replies":[{"embeddable":true,"href":"https:\/\/lesta.cloud\/index.php?rest_route=%2Fwp%2Fv2%2Fcomments&post=110"}],"version-history":[{"count":254,"href":"https:\/\/lesta.cloud\/index.php?rest_route=\/wp\/v2\/pages\/110\/revisions"}],"predecessor-version":[{"id":1992,"href":"https:\/\/lesta.cloud\/index.php?rest_route=\/wp\/v2\/pages\/110\/revisions\/1992"}],"wp:attachment":[{"href":"https:\/\/lesta.cloud\/index.php?rest_route=%2Fwp%2Fv2%2Fmedia&parent=110"}],"curies":[{"name":"wp","href":"https:\/\/api.w.org\/{rel}","templated":true}]}}